{"id":1668,"date":"2026-04-30T12:54:23","date_gmt":"2026-04-30T12:54:23","guid":{"rendered":"https:\/\/autourduvin.ch\/?page_id=1668"},"modified":"2026-04-30T15:03:37","modified_gmt":"2026-04-30T15:03:37","slug":"tavolatariex","status":"publish","type":"page","link":"https:\/\/autourduvin.ch\/en\/tavolatariex\/","title":{"rendered":"Tavolata Riex"},"content":{"rendered":"\t\t<div data-elementor-type=\"wp-page\" data-elementor-id=\"1668\" class=\"elementor elementor-1668\" data-elementor-post-type=\"page\">\n\t\t\t\t\t\t<section class=\"elementor-section elementor-top-section elementor-element elementor-element-39fed0a0 elementor-section-boxed elementor-section-height-default elementor-section-height-default\" data-id=\"39fed0a0\" data-element_type=\"section\" data-e-type=\"section\" data-settings=\"{&quot;background_background&quot;:&quot;classic&quot;}\">\n\t\t\t\t\t\t<div class=\"elementor-container elementor-column-gap-default\">\n\t\t\t\t\t<div class=\"elementor-column elementor-col-100 elementor-top-column elementor-element elementor-element-4f1b9f71\" data-id=\"4f1b9f71\" data-element_type=\"column\" data-e-type=\"column\">\n\t\t\t<div class=\"elementor-widget-wrap elementor-element-populated\">\n\t\t\t\t\t\t<section class=\"elementor-section elementor-inner-section elementor-element elementor-element-30b78814 elementor-section-height-min-height elementor-section-content-middle elementor-section-boxed elementor-section-height-default\" data-id=\"30b78814\" data-element_type=\"section\" data-e-type=\"section\" data-settings=\"{&quot;background_background&quot;:&quot;classic&quot;,&quot;background_motion_fx_motion_fx_scrolling&quot;:&quot;yes&quot;,&quot;background_motion_fx_devices&quot;:[&quot;desktop&quot;,&quot;tablet&quot;,&quot;mobile&quot;]}\">\n\t\t\t\t\t\t\t<div class=\"elementor-background-overlay\"><\/div>\n\t\t\t\t\t\t\t<div class=\"elementor-container elementor-column-gap-default\">\n\t\t\t\t\t<div class=\"elementor-column elementor-col-100 elementor-inner-column elementor-element elementor-element-12c06708\" data-id=\"12c06708\" data-element_type=\"column\" data-e-type=\"column\">\n\t\t\t<div class=\"elementor-widget-wrap elementor-element-populated\">\n\t\t\t\t\t\t<div class=\"elementor-element elementor-element-187489c4 elementor-widget elementor-widget-heading\" data-id=\"187489c4\" data-element_type=\"widget\" data-e-type=\"widget\" data-settings=\"{&quot;motion_fx_motion_fx_scrolling&quot;:&quot;yes&quot;,&quot;motion_fx_devices&quot;:[&quot;desktop&quot;,&quot;tablet&quot;,&quot;mobile&quot;]}\" data-widget_type=\"heading.default\">\n\t\t\t\t<div class=\"elementor-widget-container\">\n\t\t\t\t\t<h4 class=\"elementor-heading-title elementor-size-default\">Exclusive<\/h4>\t\t\t\t<\/div>\n\t\t\t\t<\/div>\n\t\t\t\t<div class=\"elementor-element elementor-element-7014a640 elementor-widget elementor-widget-heading\" data-id=\"7014a640\" data-element_type=\"widget\" data-e-type=\"widget\" data-widget_type=\"heading.default\">\n\t\t\t\t<div class=\"elementor-widget-container\">\n\t\t\t\t\t<h2 class=\"elementor-heading-title elementor-size-default\">Grande Tavolata \u00e0 Riex<\/h2>\t\t\t\t<\/div>\n\t\t\t\t<\/div>\n\t\t\t\t\t<\/div>\n\t\t<\/div>\n\t\t\t\t\t<\/div>\n\t\t<\/section>\n\t\t\t\t\t<\/div>\n\t\t<\/div>\n\t\t\t\t\t<\/div>\n\t\t<\/section>\n\t\t\t\t<section class=\"elementor-section elementor-top-section elementor-element elementor-element-7663f410 elementor-section-boxed elementor-section-height-default elementor-section-height-default\" data-id=\"7663f410\" data-element_type=\"section\" data-e-type=\"section\" data-settings=\"{&quot;background_background&quot;:&quot;classic&quot;}\">\n\t\t\t\t\t\t<div class=\"elementor-container elementor-column-gap-default\">\n\t\t\t\t\t<div class=\"elementor-column elementor-col-100 elementor-top-column elementor-element elementor-element-30118a1f\" data-id=\"30118a1f\" data-element_type=\"column\" data-e-type=\"column\">\n\t\t\t<div class=\"elementor-widget-wrap elementor-element-populated\">\n\t\t\t\t\t\t<div class=\"elementor-element elementor-element-abd7f76 elementor-widget elementor-widget-html\" data-id=\"abd7f76\" data-element_type=\"widget\" data-e-type=\"widget\" data-widget_type=\"html.default\">\n\t\t\t\t<div class=\"elementor-widget-container\">\n\t\t\t\t\t<!DOCTYPE html>\r\n<html lang=\"fr\">\r\n<head>\r\n  <meta charset=\"UTF-8\" \/>\r\n  <meta name=\"viewport\" content=\"width=device-width, initial-scale=1.0\" \/>\r\n  <title>Grande Tavolata \u00e0 Riex<\/title>\r\n  <style>\r\n    \/* \u2500\u2500 Reset \/ Base \u2500\u2500\u2500\u2500\u2500\u2500\u2500\u2500\u2500\u2500\u2500\u2500\u2500\u2500\u2500\u2500\u2500\u2500\u2500\u2500\u2500\u2500\u2500\u2500\u2500\u2500\u2500\u2500\u2500\u2500\u2500 *\/\r\n    *, *::before, *::after { box-sizing: border-box; margin: 0; padding: 0; }\r\n\r\n    .tavolata-page {\r\n      font-family: inherit;\r\n      color: inherit;\r\n      line-height: 1.6;\r\n      max-width: 100%;\r\n    }\r\n\r\n    \/* \u2500\u2500 Section helpers \u2500\u2500\u2500\u2500\u2500\u2500\u2500\u2500\u2500\u2500\u2500\u2500\u2500\u2500\u2500\u2500\u2500\u2500\u2500\u2500\u2500\u2500\u2500\u2500\u2500\u2500\u2500 *\/\r\n    .tav-section {\r\n      width: 100%;\r\n      padding: 60px 20px;\r\n    }\r\n    .tav-container {\r\n      max-width: 960px;\r\n      margin: 0 auto;\r\n    }\r\n    .tav-container--wide {\r\n      max-width: 1140px;\r\n      margin: 0 auto;\r\n    }\r\n\r\n    \/* \u2550\u2550\u2550\u2550\u2550\u2550\u2550\u2550\u2550\u2550\u2550\u2550\u2550\u2550\u2550\u2550\u2550\u2550\u2550\u2550\u2550\u2550\u2550\u2550\u2550\u2550\u2550\u2550\u2550\u2550\u2550\u2550\u2550\u2550\u2550\u2550\u2550\u2550\u2550\u2550\u2550\u2550\u2550\u2550\u2550\u2550\r\n       SECTION 1 \u2013 Logos + Titre\r\n    \u2550\u2550\u2550\u2550\u2550\u2550\u2550\u2550\u2550\u2550\u2550\u2550\u2550\u2550\u2550\u2550\u2550\u2550\u2550\u2550\u2550\u2550\u2550\u2550\u2550\u2550\u2550\u2550\u2550\u2550\u2550\u2550\u2550\u2550\u2550\u2550\u2550\u2550\u2550\u2550\u2550\u2550\u2550\u2550\u2550\u2550 *\/\r\n    .tav-hero {\r\n      padding: 50px 20px 40px;\r\n      text-align: center;\r\n    }\r\n\r\n    .tav-logos {\r\n      display: flex;\r\n      align-items: center;\r\n      justify-content: center;\r\n      gap: 40px;\r\n      flex-wrap: wrap;\r\n      margin-bottom: 36px;\r\n    }\r\n\r\n    .tav-logos img {\r\n      height: 120px;\r\n      width: auto;\r\n      object-fit: contain;\r\n    }\r\n\r\n    .tav-logos__divider {\r\n      width: 1px;\r\n      height: 60px;\r\n      background: #ccc;\r\n    }\r\n\r\n    .tav-hero__title {\r\n      font-size: clamp(2rem, 5vw, 3rem);\r\n      font-weight: 700;\r\n      color: #6B2929;\r\n      margin-bottom: 10px;\r\n    }\r\n\r\n    .tav-hero__date {\r\n      font-size: clamp(1.3rem, 3.5vw, 2rem);\r\n      font-weight: 700;\r\n      color: #C0392B;\r\n      margin-bottom: 10px;\r\n    }\r\n\r\n    .tav-hero__location {\r\n      font-size: clamp(1rem, 2.5vw, 1.25rem);\r\n      font-weight: 600;\r\n      color: #333;\r\n      margin-bottom: 20px;\r\n    }\r\n\r\n    .tav-hero__tagline {\r\n      font-size: 0.85rem;\r\n      letter-spacing: 0.18em;\r\n      text-transform: uppercase;\r\n      color: #555;\r\n      border-top: 1px solid #d0b090;\r\n      border-bottom: 1px solid #d0b090;\r\n      display: inline-block;\r\n      padding: 8px 24px;\r\n    }\r\n\r\n    \/* \u2550\u2550\u2550\u2550\u2550\u2550\u2550\u2550\u2550\u2550\u2550\u2550\u2550\u2550\u2550\u2550\u2550\u2550\u2550\u2550\u2550\u2550\u2550\u2550\u2550\u2550\u2550\u2550\u2550\u2550\u2550\u2550\u2550\u2550\u2550\u2550\u2550\u2550\u2550\u2550\u2550\u2550\u2550\u2550\u2550\u2550\r\n       SECTION 2 \u2013 Photo village + 2 colonnes\r\n    \u2550\u2550\u2550\u2550\u2550\u2550\u2550\u2550\u2550\u2550\u2550\u2550\u2550\u2550\u2550\u2550\u2550\u2550\u2550\u2550\u2550\u2550\u2550\u2550\u2550\u2550\u2550\u2550\u2550\u2550\u2550\u2550\u2550\u2550\u2550\u2550\u2550\u2550\u2550\u2550\u2550\u2550\u2550\u2550\u2550\u2550 *\/\r\n    .tav-village {\r\n      padding: 0 0 0 0;\r\n    }\r\n\r\n    .tav-village__image-wrap {\r\n      position: relative;\r\n      width: 100%;\r\n      max-height: 340px;\r\n      overflow: hidden;\r\n    }\r\n\r\n    .tav-village__image-wrap img.tav-village__photo {\r\n      width: 100%;\r\n      height: 340px;\r\n      object-fit: cover;\r\n      object-position: center 40%;\r\n      display: block;\r\n    }\r\n\r\n    .tav-village__coa {\r\n      position: absolute;\r\n      bottom: 16px;\r\n      left: 20px;\r\n      width: 72px;\r\n      height: auto;\r\n      filter: drop-shadow(2px 2px 4px rgba(0,0,0,0.45));\r\n    }\r\n\r\n    \/* 2-col grid *\/\r\n    .tav-cols {\r\n      display: grid;\r\n      grid-template-columns: 1fr 1fr;\r\n      gap: 48px;\r\n      padding: 52px 20px 52px;\r\n      max-width: 1040px;\r\n      margin: 0 auto;\r\n    }\r\n    @media (max-width: 700px) {\r\n      .tav-cols { grid-template-columns: 1fr; gap: 36px; }\r\n    }\r\n\r\n    .tav-col__title {\r\n      font-size: clamp(1.4rem, 3vw, 1.8rem);\r\n      font-weight: 700;\r\n      color: #6B2929;\r\n      margin-bottom: 18px;\r\n    }\r\n\r\n    .tav-col__intro {\r\n      font-size: 1rem;\r\n      font-weight: 700;\r\n      color: #222;\r\n      margin-bottom: 14px;\r\n    }\r\n\r\n    .tav-col p {\r\n      font-size: 0.97rem;\r\n      color: #444;\r\n      margin-bottom: 14px;\r\n      line-height: 1.65;\r\n    }\r\n\r\n    \/* col 2 specifics *\/\r\n    .tav-col2 {\r\n      display: flex;\r\n      flex-direction: column;\r\n    }\r\n\r\n    .tav-col2__illustration {\r\n      width: 100%;\r\n      max-width: 420px;\r\n      margin-bottom: 20px;\r\n    }\r\n\r\n    .tav-col2__bottom {\r\n      margin-top: auto;\r\n      padding-top: 20px;\r\n    }\r\n\r\n    .tav-col2__logo-ec {\r\n      height: 60px;\r\n      width: auto;\r\n      display: block;\r\n      margin-left: auto;\r\n    }\r\n\r\n    \/* \u2550\u2550\u2550\u2550\u2550\u2550\u2550\u2550\u2550\u2550\u2550\u2550\u2550\u2550\u2550\u2550\u2550\u2550\u2550\u2550\u2550\u2550\u2550\u2550\u2550\u2550\u2550\u2550\u2550\u2550\u2550\u2550\u2550\u2550\u2550\u2550\u2550\u2550\u2550\u2550\u2550\u2550\u2550\u2550\u2550\u2550\r\n       SECTION 3 \u2013 Infos pratiques (fond rouge)\r\n    \u2550\u2550\u2550\u2550\u2550\u2550\u2550\u2550\u2550\u2550\u2550\u2550\u2550\u2550\u2550\u2550\u2550\u2550\u2550\u2550\u2550\u2550\u2550\u2550\u2550\u2550\u2550\u2550\u2550\u2550\u2550\u2550\u2550\u2550\u2550\u2550\u2550\u2550\u2550\u2550\u2550\u2550\u2550\u2550\u2550\u2550 *\/\r\n    .tav-infos {\r\n      background-color: #9E1F1F;\r\n      color: #fff;\r\n      padding: 52px 20px;\r\n    }\r\n\r\n    .tav-infos__inner {\r\n      max-width: 900px;\r\n      margin: 0 auto;\r\n      display: grid;\r\n      grid-template-columns: 1fr auto;\r\n      gap: 48px;\r\n      align-items: center;\r\n    }\r\n    @media (max-width: 660px) {\r\n      .tav-infos__inner { grid-template-columns: 1fr; }\r\n      .tav-infos__map { margin: 0 auto; }\r\n    }\r\n\r\n    .tav-infos__title {\r\n      font-size: 1.15rem;\r\n      font-weight: 800;\r\n      letter-spacing: 0.04em;\r\n      text-transform: uppercase;\r\n      border-bottom: 2px solid rgba(255,255,255,0.4);\r\n      padding-bottom: 10px;\r\n      margin-bottom: 20px;\r\n    }\r\n\r\n    .tav-infos__list {\r\n      list-style: none;\r\n      padding: 0;\r\n    }\r\n    .tav-infos__list li {\r\n      font-size: 1.05rem;\r\n      font-weight: 600;\r\n      padding: 8px 0 8px 22px;\r\n      position: relative;\r\n      line-height: 1.4;\r\n    }\r\n    .tav-infos__list li::before {\r\n      content: \"\u2013\";\r\n      position: absolute;\r\n      left: 0;\r\n    }\r\n\r\n    \/* Modal *\/\r\n    .tav-modal-overlay {\r\n      display: none;\r\n      position: fixed;\r\n      inset: 0;\r\n      background: rgba(0,0,0,0.82);\r\n      z-index: 9999;\r\n      align-items: center;\r\n      justify-content: center;\r\n    }\r\n    .tav-modal-overlay.is-open {\r\n      display: flex;\r\n    }\r\n    .tav-modal-overlay img {\r\n      max-width: 900vw;\r\n      max-height: 90vh;\r\n      border-radius: 12px;\r\n      box-shadow: 0 8px 40px rgba(0,0,0,0.6);\r\n      animation: tav-zoomin .2s ease;\r\n    }\r\n    @keyframes tav-zoomin {\r\n      from { transform: scale(0.85); opacity: 0; }\r\n      to   { transform: scale(1);    opacity: 1; }\r\n    }\r\n    .tav-modal-close {\r\n      position: absolute;\r\n      top: 20px;\r\n      right: 24px;\r\n      background: none;\r\n      border: none;\r\n      color: #fff;\r\n      font-size: 2.2rem;\r\n      line-height: 1;\r\n      cursor: pointer;\r\n      opacity: 0.85;\r\n    }\r\n    .tav-modal-close:hover { opacity: 1; }\r\n\r\n    \/* Circular map *\/\r\n    .tav-infos__map {\r\n      width: 320px;\r\n      height: 320px;\r\n      border-radius: 50%;\r\n      overflow: hidden;\r\n      border: 4px solid rgba(255,255,255,0.3);\r\n      flex-shrink: 0;\r\n      cursor: pointer;\r\n      transition: transform .2s, box-shadow .2s;\r\n    }\r\n    .tav-infos__map:hover {\r\n      transform: scale(1.04);\r\n      box-shadow: 0 6px 24px rgba(0,0,0,0.4);\r\n    }\r\n    .tav-infos__map img {\r\n      width: 140%;\r\n      height: 140%;\r\n      object-fit: cover;\r\n      object-position: 50% %;\r\n      margin-left: -%;\r\n      margin-top: -5%;\r\n    }\r\n\r\n    \/* \u2550\u2550\u2550\u2550\u2550\u2550\u2550\u2550\u2550\u2550\u2550\u2550\u2550\u2550\u2550\u2550\u2550\u2550\u2550\u2550\u2550\u2550\u2550\u2550\u2550\u2550\u2550\u2550\u2550\u2550\u2550\u2550\u2550\u2550\u2550\u2550\u2550\u2550\u2550\u2550\u2550\u2550\u2550\u2550\u2550\u2550\r\n       SECTION 4 \u2013 R\u00e9servation (fond cr\u00e8me)\r\n    \u2550\u2550\u2550\u2550\u2550\u2550\u2550\u2550\u2550\u2550\u2550\u2550\u2550\u2550\u2550\u2550\u2550\u2550\u2550\u2550\u2550\u2550\u2550\u2550\u2550\u2550\u2550\u2550\u2550\u2550\u2550\u2550\u2550\u2550\u2550\u2550\u2550\u2550\u2550\u2550\u2550\u2550\u2550\u2550\u2550\u2550 *\/\r\n    .tav-resa {\r\n      background-color: #F5E8C8;\r\n      padding: 56px 20px;\r\n      text-align: center;\r\n    }\r\n\r\n    .tav-resa__logos {\r\n      display: flex;\r\n      align-items: center;\r\n      justify-content: center;\r\n      gap: 32px;\r\n      flex-wrap: wrap;\r\n      margin-bottom: 36px;\r\n    }\r\n    .tav-resa__logos img {\r\n      height: 100px;\r\n      width: auto;\r\n      object-fit: contain;\r\n    }\r\n    .tav-resa__logos-coa {\r\n      height: 110px !important;\r\n    }\r\n\r\n    .tav-resa__label {\r\n      font-size: clamp(1.2rem, 3vw, 1.7rem);\r\n      font-weight: 600;\r\n      color: #333;\r\n      margin-bottom: 8px;\r\n    }\r\n\r\n    .tav-resa__date {\r\n      font-size: clamp(1.6rem, 4vw, 2.4rem);\r\n      font-weight: 800;\r\n      color: #C0392B;\r\n      margin-bottom: 22px;\r\n    }\r\n\r\n    .tav-resa__subtitle {\r\n      font-size: 1rem;\r\n      color: #555;\r\n      margin-bottom: 6px;\r\n    }\r\n\r\n    .tav-resa__url {\r\n      font-size: clamp(1rem, 2.5vw, 1.3rem);\r\n      font-weight: 700;\r\n      color: #6B2929;\r\n      text-decoration: none;\r\n    }\r\n    .tav-resa__url:hover {\r\n      text-decoration: underline;\r\n    }\r\n  <\/style>\r\n<\/head>\r\n<body>\r\n\r\n<div class=\"tavolata-page\">\r\n\r\n  <!-- \u2550\u2550 SECTION 1 : Logos + Titre \u2550\u2550 -->\r\n  <section class=\"tav-hero\">\r\n    <div class=\"tav-logos\">\r\n      <img decoding=\"async\" src=\"https:\/\/autourduvin.ch\/wp-content\/uploads\/2026\/04\/epesses-calamin-logo_def.png\"\r\n           alt=\"Les vignobles Epesses et Calamin \u2013 Lavaux\" \/>\r\n      <div class=\"tav-logos__divider\"><\/div>\r\n      <img decoding=\"async\" src=\"https:\/\/autourduvin.ch\/wp-content\/uploads\/2026\/04\/Logo-ADV-final-scaled.png\"\r\n           alt=\"Autour du Vin\" \/>\r\n    <\/div>\r\n\r\n    <h1 class=\"tav-hero__title\">Grande Tavolata \u00e0 Riex<\/h1>\r\n    <p class=\"tav-hero__date\">Le vendredi 31 juillet 2026<\/p>\r\n    <p class=\"tav-hero__location\">Dans les vignes au bas du village<\/p>\r\n    <p class=\"tav-hero__tagline\">UN REPAS. UN LIEU. UN MOMENT \u00c0 PARTAGER.<\/p>\r\n  <\/section>\r\n\r\n  <!-- \u2550\u2550 SECTION 2 : Photo village + 2 colonnes \u2550\u2550 -->\r\n  <section class=\"tav-village\">\r\n\r\n    <div class=\"tav-village__image-wrap\">\r\n      <img decoding=\"async\" class=\"tav-village__photo\"\r\n           src=\"https:\/\/autourduvin.ch\/wp-content\/uploads\/2026\/04\/nk-imapro-Riex-scaled.png\"\r\n           alt=\"Vue de Riex et ses vignes\" \/>\r\n      <img decoding=\"async\" class=\"tav-village__coa\"\r\n           src=\"https:\/\/autourduvin.ch\/wp-content\/uploads\/2026\/04\/CHE_Bourg-en-Lavaux_COA-scaled.png\"\r\n           alt=\"Armoiries de Bourg-en-Lavaux\" \/>\r\n    <\/div>\r\n\r\n    <div class=\"tav-cols\">\r\n\r\n      <!-- Colonne 1 : texte principal -->\r\n      <div class=\"tav-col\">\r\n        <h2 class=\"tav-col__title\">Grande Tavolata \u00e0 Riex<\/h2>\r\n\r\n        <p class=\"tav-col__intro\">\r\n          Les vignerons d'Epesses &amp; Calamin et Autour du Vin\r\n          vous invitent \u00e0 r\u00e9server votre place pour la Grande\r\n          Tavolata, plac\u00e9e sous le signe de la convivialit\u00e9.<br>\r\n          <strong>Rendez-vous le vendredi 31 juillet 2026 \u00e0 19h.<\/strong><br>\r\n          Accueil d\u00e8s 18h.\r\n        <\/p>\r\n\r\n        <p>\r\n          Dans le cadre \u00e9l\u00e9gant de Riex, une longue tavolata\r\n          r\u00e9unira les convives pour un repas pens\u00e9 comme un\r\n          v\u00e9ritable temps de rencontre. Un moment simple et\r\n          sinc\u00e8re, <strong>o\u00f9 l'on s'assoit c\u00f4te \u00e0 c\u00f4te, o\u00f9 l'on \u00e9change\r\n          et o\u00f9 l'on savoure pleinement l'instant.<\/strong>\r\n        <\/p>\r\n\r\n        <p>\r\n          La cuisine g\u00e9n\u00e9reuse, pr\u00e9par\u00e9e avec soin, est\r\n          servie dans une ambiance d\u00e9tendue, port\u00e9e par les\r\n          conversations, les rires, le tintement des verres et <strong>les\r\n          ar\u00f4mes des vins de la r\u00e9gion, s\u00e9lectionn\u00e9s pour\r\n          accompagner chaque temps du repas.<\/strong>\r\n        <\/p>\r\n      <\/div>\r\n\r\n      <!-- Colonne 2 : illustration + texte + logo -->\r\n      <div class=\"tav-col tav-col2\">\r\n\r\n        <img decoding=\"async\" class=\"tav-col2__illustration\"\r\n             src=\"https:\/\/autourduvin.ch\/wp-content\/uploads\/2026\/04\/nk-imapro-Tavolata-nb-2.png\"\r\n             alt=\"Illustration d'un repas en tavolata\" \/>\r\n\r\n        <p>\r\n          <strong>Ici, l'essentiel n'est pas la d\u00e9mesure, mais la\r\n          qualit\u00e9 du moment v\u00e9cu.<\/strong> La tavolata invite \u00e0\r\n          ralentir, \u00e0 profiter du cadre, \u00e0 discuter avec son\r\n          voisin et \u00e0 se laisser porter par la douceur de l'\u00e9t\u00e9.\r\n        <\/p>\r\n\r\n        <p>\r\n          Une parenth\u00e8se chaleureuse au c\u0153ur des vignes de\r\n          Riex, <strong>\u00e0 vivre pleinement et \u00e0 emporter avec soi\r\n          bien au-del\u00e0 de la soir\u00e9e.<\/strong>\r\n        <\/p>\r\n\r\n        <div class=\"tav-col2__bottom\">\r\n          <img decoding=\"async\" class=\"tav-col2__logo-ec\"\r\n               src=\"https:\/\/autourduvin.ch\/wp-content\/uploads\/2026\/04\/epesses-calamin-logo_def.png\"\r\n               alt=\"Les vignobles Epesses et Calamin \u2013 Lavaux\" \/>\r\n        <\/div>\r\n\r\n      <\/div>\r\n    <\/div>\r\n\r\n  <\/section>\r\n\r\n  <!-- \u2550\u2550 SECTION 3 : Infos pratiques \u2550\u2550 -->\r\n  <section class=\"tav-infos\">\r\n    <div class=\"tav-infos__inner\">\r\n\r\n      <div class=\"tav-infos__text\">\r\n        <p class=\"tav-infos__title\">Infos pratiques :<\/p>\r\n        <ul class=\"tav-infos__list\">\r\n          <li>De la gare CFF de Cully : 10 min. \u00e0 pied<\/li>\r\n          <li>Parking le long de la route de la Corniche entre Cully et Riex<\/li>\r\n          <li>Merci de privil\u00e9gier les transports en commun<\/li>\r\n        <\/ul>\r\n      <\/div>\r\n\r\n      <div class=\"tav-infos__map\" onclick=\"document.getElementById('tavModal').classList.add('is-open')\" title=\"Agrandir la carte\">\r\n        <img decoding=\"async\" src=\"https:\/\/autourduvin.ch\/wp-content\/uploads\/2026\/04\/Plan-Riex-AdV-Tavolata.png\"\r\n             alt=\"Plan d'acc\u00e8s \u2013 Grande Tavolata de Riex\" \/>\r\n      <\/div>\r\n\r\n    <\/div>\r\n  <\/section>\r\n\r\n  <!-- \u2550\u2550 SECTION 4 : R\u00e9servation \u2550\u2550 -->\r\n  <section class=\"tav-resa\">\r\n\r\n    <div class=\"tav-resa__logos\">\r\n      <img decoding=\"async\" src=\"https:\/\/autourduvin.ch\/wp-content\/uploads\/2026\/04\/Logo-ADV-final-scaled.png\"\r\n           alt=\"Autour du Vin\" \/>\r\n      <img decoding=\"async\" src=\"https:\/\/autourduvin.ch\/wp-content\/uploads\/2026\/04\/epesses-calamin-logo_def.png\"\r\n           alt=\"Les vignobles Epesses et Calamin \u2013 Lavaux\" \/>\r\n      <img decoding=\"async\" class=\"tav-resa__logos-coa\"\r\n           src=\"https:\/\/autourduvin.ch\/wp-content\/uploads\/2026\/04\/CHE_Bourg-en-Lavaux_COA-scaled.png\"\r\n           alt=\"Armoiries de Bourg-en-Lavaux\" \/>\r\n    <\/div>\r\n\r\n    <p class=\"tav-resa__label\">Dernier d\u00e9lai de r\u00e9servation<\/p>\r\n    <p class=\"tav-resa__date\">le 15 juillet 2026<\/p>\r\n\r\n    <p class=\"tav-resa__subtitle\">Via billeterie ci-dessous<\/p>\r\n    <a class=\"tav-resa__url\"\r\n       href=\"#\"\r\n       target=\"_blank\" rel=\"noopener\">\r\n      \u00e0 venir\r\n    <\/a>\r\n\r\n  <\/section>\r\n\r\n<\/div><!-- \/tavolata-page -->\r\n\r\n<!-- Modal carte -->\r\n<div id=\"tavModal\" class=\"tav-modal-overlay\" onclick=\"this.classList.remove('is-open')\">\r\n  <button class=\"tav-modal-close\" onclick=\"document.getElementById('tavModal').classList.remove('is-open')\" aria-label=\"Fermer\">&times;<\/button>\r\n  <img decoding=\"async\" src=\"https:\/\/autourduvin.ch\/wp-content\/uploads\/2026\/04\/Plan-Riex-AdV-Tavolata.png\"\r\n       alt=\"Plan d'acc\u00e8s \u2013 Grande Tavolata de Riex\"\r\n       onclick=\"event.stopPropagation()\" \/>\r\n<\/div>\r\n\r\n<script>\r\n  document.addEventListener('keydown', function(e) {\r\n    if (e.key === 'Escape') document.getElementById('tavModal').classList.remove('is-open');\r\n  });\r\n<\/script>\r\n\r\n<\/body>\r\n<\/html>\t\t\t\t<\/div>\n\t\t\t\t<\/div>\n\t\t\t\t\t<\/div>\n\t\t<\/div>\n\t\t\t\t\t<\/div>\n\t\t<\/section>\n\t\t\t\t<\/div>\n\t\t","protected":false},"excerpt":{"rendered":"<p>Exclusive Grande Tavolata \u00e0 Riex Grande Tavolata \u00e0 Riex Grande Tavolata \u00e0 Riex Le vendredi 31 juillet 2026 Dans les vignes au bas du village UN REPAS. UN LIEU. UN MOMENT \u00c0 PARTAGER. Grande Tavolata \u00e0 Riex Les vignerons d&rsquo;Epesses &amp; Calamin et Autour du Vin vous invitent \u00e0 r\u00e9server votre place pour la Grande [&hellip;]<\/p>\n","protected":false},"author":1,"featured_media":0,"parent":0,"menu_order":0,"comment_status":"closed","ping_status":"closed","template":"elementor_header_footer","meta":{"_acf_changed":false,"footnotes":""},"class_list":["post-1668","page","type-page","status-publish","hentry"],"acf":[],"_links":{"self":[{"href":"https:\/\/autourduvin.ch\/en\/wp-json\/wp\/v2\/pages\/1668","targetHints":{"allow":["GET"]}}],"collection":[{"href":"https:\/\/autourduvin.ch\/en\/wp-json\/wp\/v2\/pages"}],"about":[{"href":"https:\/\/autourduvin.ch\/en\/wp-json\/wp\/v2\/types\/page"}],"author":[{"embeddable":true,"href":"https:\/\/autourduvin.ch\/en\/wp-json\/wp\/v2\/users\/1"}],"replies":[{"embeddable":true,"href":"https:\/\/autourduvin.ch\/en\/wp-json\/wp\/v2\/comments?post=1668"}],"version-history":[{"count":22,"href":"https:\/\/autourduvin.ch\/en\/wp-json\/wp\/v2\/pages\/1668\/revisions"}],"predecessor-version":[{"id":1704,"href":"https:\/\/autourduvin.ch\/en\/wp-json\/wp\/v2\/pages\/1668\/revisions\/1704"}],"wp:attachment":[{"href":"https:\/\/autourduvin.ch\/en\/wp-json\/wp\/v2\/media?parent=1668"}],"curies":[{"name":"wp","href":"https:\/\/api.w.org\/{rel}","templated":true}]}}